{"id":6269,"date":"2025-03-16T18:10:21","date_gmt":"2025-03-16T15:10:21","guid":{"rendered":"https:\/\/kianit.jewelry\/measures-and-patterns\/"},"modified":"2025-05-08T14:33:00","modified_gmt":"2025-05-08T11:33:00","slug":"zakazat-nabor-mernikov","status":"publish","type":"page","link":"https:\/\/kianit.jewelry\/en\/zakazat-nabor-mernikov\/","title":{"rendered":"Measures and patterns"},"content":{"rendered":"<section class=\"l-section wpb_row height_medium\"><div class=\"l-section-h i-cf\"><div class=\"g-cols vc_row via_flex valign_top type_default stacking_default\"><div class=\"vc_col-sm-12 wpb_column vc_column_container\"><div class=\"vc_column-inner\"><div class=\"wpb_wrapper\"><div class=\"wpb_text_column\"><div class=\"wpb_wrapper\"><h1 style=\"text-align: center;\">Measures and patterns<\/h1>\n<\/div><\/div><div class=\"g-cols wpb_row via_flex valign_top type_default stacking_default\"><div class=\"vc_col-sm-12 wpb_column vc_column_container\"><div class=\"vc_column-inner\"><div class=\"wpb_wrapper\"><\/div><\/div><\/div><\/div><div class=\"wpb_text_column\"><div class=\"wpb_wrapper\"><p>Not sure of the size? Don&#8217;t have time to visit stores?<\/p>\n<p>Place a pre-order to precisely select the parameters of your rings in a comfortable environment!<\/p>\n<p>Oferujemy bezp\u0142atnie zestaw pier\u015bcieni pomiarowych o szeroko\u015bci od 3 do 12 mm (co 1 mm) i wysoko\u015bci od 1 do 2 mm. It also comes with a professional jeweler&#8217;s finger size gauge (rings on a string 3 and 5 mm wide), which allows for accurate sizing, taking into account the natural changes of the fingers during the day.<\/p>\n<p>\u2e3b<\/p>\n<h5>\ud83d\udd39 How to rent a SMALL SET of jewelry measures?<\/h5>\n<p>\ud83d\udcb0 Rental cost: 500 z\u0142<\/p>\n<p>\u2714 What does the kit contain?<br \/>\n\u2022 Professional finger size gauge (rings on a string with a width of 3 and 5 mm)<br \/>\n\u2022 Set of measuring rings with a width of 3-12 mm (in 1 mm increments)<br \/>\n\u2022 Samples of different heights: 1-2 mm<\/p>\n<p>\ud83d\udd39 Jak zam\u00f3wi\u0107?<br \/>\n1\ufe0f\u20e3 <strong><a href=\"https:\/\/kianit.jewelry\/en\/contact-form\/\">Place an order<\/a><\/strong> on our website<br \/>\n2\ufe0f\u20e3 In the comment box, write that you want to rent a SMALL KIT<br \/>\n3\ufe0f\u20e3 Deposit 500 PLN (or 30% of the total order value)<br \/>\n4\ufe0f\u20e3 We will send the set by courier or parcel post at our expense<br \/>\n5\ufe0f\u20e3 After a few days, we will arrange a free return &#8211; a courier will pick up the kit from you!<\/p>\n<p>\u2e3b<\/p>\n<h5>\ud83d\udd39 How do I rent a LARGE SET of ring samples?<\/h5>\n<p>\ud83d\udcb0 Rental cost: PLN 1200<\/p>\n<p>\u2714 What does the kit contain?<br \/>\n\u2022 Professional finger size gauge (rings on a string with a width of 3 and 5 mm)<br \/>\n\u2022 Samples of rings of different widths (3-12 mm) and heights (1-2 mm)<br \/>\n\u2022 Examples of different cross sections: semicircular, flat, trapezoidal<br \/>\n\u2022 Samples of diamond sizes: 1.0 mm, 1.25 mm, 1.5 mm, 1.75 mm, 2.0 mm, 2.25 mm<br \/>\n\u2022 Finish samples: white gold, yellow gold, rose gold, carbon, enamel<br \/>\n\u2022 6 types of matte surface<br \/>\n\u2022 If you provide approximate sizes (e.g., 13 and 23), preferred width and design, we can provide ring samples (sizes 12, 13, 14 and 22, 23, 24) printed on a 3D printer, even with your design!<\/p>\n<p>We will send the set by courier or parcel post at our expense\ud83d\udd39 How to order?<br \/>\n1\ufe0f\u20e3 Place an order on our website<br \/>\n2\ufe0f\u20e3 In the comment box, write that you want to rent a LARGE SET<br \/>\n3\ufe0f\u20e3 <strong><a href=\"https:\/\/kianit.jewelry\/en\/formy-platnosci\/\">Deposit<\/a><\/strong> 1200 PLN (or 30% of the order value)<br \/>\n4\ufe0f\u20e3 Wy\u015blemy zestaw kurierem lub do paczkomatu na nasz koszt<br \/>\n5\ufe0f\u20e3 At the end of the rental, you return the set &#8211; the courier will pick it up free of charge<\/p>\n<p>\u2e3b<\/p>\n<h5>\ud83d\udca1 Important!<\/h5>\n<p>\ud83d\udccc Your deposit is not forfeited! When the set is returned, the amount is credited to the order of rings.<\/p>\n<p>\ud83d\udccc The sets are made of brass and coated (yellow gold, white gold, rose gold, carbon, enamel) &#8211; they are not intended for everyday wear.<\/p>\n<p>\ud83d\udccc Be careful! In case of loss or serious damage to the sample, a fee of PLN 100 per piece applies.<\/p>\n<p>We trust our customers and count on you to take care of our materials!<\/p>\n<\/div><\/div><\/div><\/div><\/div><\/div><\/div><\/section>\n","protected":false},"excerpt":{"rendered":"Measures and patterns Not sure of the size? Don&#8217;t have time to visit stores? Place a pre-order to precisely select the parameters of your rings in a comfortable environment! Oferujemy bezp\u0142atnie zestaw pier\u015bcieni pomiarowych o szeroko\u015bci od 3 do 12 mm (co 1 mm) i wysoko\u015bci od 1 do 2 mm. It also comes with...","protected":false},"author":1,"featured_media":0,"parent":0,"menu_order":0,"comment_status":"closed","ping_status":"closed","template":"","meta":{"_acf_changed":false,"footnotes":""},"class_list":["post-6269","page","type-page","status-publish","hentry"],"acf":[],"_links":{"self":[{"href":"https:\/\/kianit.jewelry\/en\/wp-json\/wp\/v2\/pages\/6269","targetHints":{"allow":["GET"]}}],"collection":[{"href":"https:\/\/kianit.jewelry\/en\/wp-json\/wp\/v2\/pages"}],"about":[{"href":"https:\/\/kianit.jewelry\/en\/wp-json\/wp\/v2\/types\/page"}],"author":[{"embeddable":true,"href":"https:\/\/kianit.jewelry\/en\/wp-json\/wp\/v2\/users\/1"}],"replies":[{"embeddable":true,"href":"https:\/\/kianit.jewelry\/en\/wp-json\/wp\/v2\/comments?post=6269"}],"version-history":[{"count":3,"href":"https:\/\/kianit.jewelry\/en\/wp-json\/wp\/v2\/pages\/6269\/revisions"}],"predecessor-version":[{"id":6272,"href":"https:\/\/kianit.jewelry\/en\/wp-json\/wp\/v2\/pages\/6269\/revisions\/6272"}],"wp:attachment":[{"href":"https:\/\/kianit.jewelry\/en\/wp-json\/wp\/v2\/media?parent=6269"}],"curies":[{"name":"wp","href":"https:\/\/api.w.org\/{rel}","templated":true}]}}